{"id":3,"date":"2025-07-29T16:07:20","date_gmt":"2025-07-29T14:07:20","guid":{"rendered":"https:\/\/fritz-re.io\/?page_id=3"},"modified":"2025-07-30T16:30:06","modified_gmt":"2025-07-30T14:30:06","slug":"datenschutzerklaerung","status":"publish","type":"page","link":"https:\/\/f-solution.eu\/en\/datenschutzerklaerung\/","title":{"rendered":"Datenschutzerkl\u00e4rung"},"content":{"rendered":"<h2 class=\"wp-block-heading\"><strong>Art. 13 DSGVO<\/strong> (Datenschutz)<\/h2>\n\n\n\n<p><strong>1. Allgemeine Hinweise<\/strong><\/p>\n\n\n\n<p>Der Schutz deiner pers\u00f6nlichen Daten ist mir wichtig.<br>Ich behandle deine personenbezogenen Daten vertraulich und entsprechend der gesetzlichen Datenschutzvorschriften sowie dieser Datenschutzerkl\u00e4rung.<\/p>\n\n\n\n<hr class=\"wp-block-separator has-alpha-channel-opacity\"\/>\n\n\n\n<p><strong>2. Verantwortlicher<\/strong><\/p>\n\n\n\n<p>Verantwortlich f\u00fcr die Datenverarbeitung auf dieser Website ist:<\/p>\n\n\n\n<p><strong>Reinhard Fritz<\/strong><br>Scharnweberstra\u00dfe 4<br>13405 Berlin<br>Deutschland<br>E-Mail: <a>info@fritz-re.io<\/a><br>Telefon: +49 160 99853495<\/p>\n\n\n\n<hr class=\"wp-block-separator has-alpha-channel-opacity\"\/>\n\n\n\n<p><strong>3. Erhebung und Verarbeitung personenbezogener Daten<\/strong><\/p>\n\n\n\n<p><strong>Kontaktaufnahme:<\/strong><br>Wenn du mich per E-Mail oder \u00fcber das Kontaktformular kontaktierst, werden die von dir angegebenen Daten (z.\u202fB. Name, E-Mail-Adresse, Nachricht) gespeichert, um deine Anfrage zu bearbeiten.<\/p>\n\n\n\n<p>Diese Daten gebe ich nicht ohne deine Einwilligung weiter.<\/p>\n\n\n\n<hr class=\"wp-block-separator has-alpha-channel-opacity\"\/>\n\n\n\n<p><strong>4. Hosting<\/strong><\/p>\n\n\n\n<p>Diese Website wird bei einem externen Dienstleister gehostet (z.\u202fB. IONOS, Netcup, All-inkl, etc.).<br>Die personenbezogenen Daten, die auf dieser Website erfasst werden, werden auf den Servern des Hosters gespeichert. Dies k\u00f6nnen IP-Adressen, Meta- und Kommunikationsdaten, Vertragsdaten, Kontaktdaten, Namen, Webseitenzugriffe und sonstige Daten sein, die \u00fcber eine Website generiert werden.<\/p>\n\n\n\n<p>Mit dem Hosting-Anbieter besteht ein Auftragsverarbeitungsvertrag gem\u00e4\u00df Art. 28 DSGVO.<\/p>\n\n\n\n<hr class=\"wp-block-separator has-alpha-channel-opacity\"\/>\n\n\n\n<p><strong>5. SSL- bzw. TLS-Verschl\u00fcsselung<\/strong><\/p>\n\n\n\n<p>Diese Seite nutzt aus Sicherheitsgr\u00fcnden und zum Schutz der \u00dcbertragung vertraulicher Inhalte eine SSL-Verschl\u00fcsselung. Eine verschl\u00fcsselte Verbindung erkennst du daran, dass die Adresszeile des Browsers mit \u201ehttps:\/\/\u201c beginnt und an einem Schloss-Symbol.<\/p>\n\n\n\n<hr class=\"wp-block-separator has-alpha-channel-opacity\"\/>\n\n\n\n<p><strong>6. Rechte der betroffenen Personen<\/strong><\/p>\n\n\n\n<p>Du hast jederzeit das Recht auf:<\/p>\n\n\n\n<ul class=\"wp-block-list\">\n<li>Auskunft \u00fcber deine gespeicherten Daten<\/li>\n\n\n\n<li>Berichtigung<\/li>\n\n\n\n<li>L\u00f6schung<\/li>\n\n\n\n<li>Einschr\u00e4nkung der Verarbeitung<\/li>\n\n\n\n<li>Widerspruch gegen die Verarbeitung<\/li>\n\n\n\n<li>Daten\u00fcbertragbarkeit<\/li>\n<\/ul>\n\n\n\n<p>Bitte sende daf\u00fcr eine formlose E-Mail an: <a><a>info@fritz-re.io<\/a><\/a><\/p>\n\n\n\n<hr class=\"wp-block-separator has-alpha-channel-opacity\"\/>\n\n\n\n<p><strong>7. Beschwerderecht bei der Aufsichtsbeh\u00f6rde<\/strong><\/p>\n\n\n\n<p>Im Falle datenschutzrechtlicher Verst\u00f6\u00dfe steht dir ein Beschwerderecht bei der zust\u00e4ndigen Aufsichtsbeh\u00f6rde zu.<br>In Berlin ist das die:<\/p>\n\n\n\n<p>Berliner Beauftragte f\u00fcr Datenschutz und Informationsfreiheit<br>Alt-Moabit 59-61, 10555 Berlin<br>E-Mail: <a>mailbox@datenschutz-berlin.de<\/a><\/p>\n\n\n\n<hr class=\"wp-block-separator has-alpha-channel-opacity\"\/>\n\n\n\n<p><strong>8. Aktualit\u00e4t und \u00c4nderung dieser Datenschutzerkl\u00e4rung<\/strong><\/p>\n\n\n\n<p>Ich behalte mir vor, diese Datenschutzerkl\u00e4rung bei Bedarf anzupassen.<br>Stand: Juli 2025<\/p>\n\n\n\n<hr class=\"wp-block-separator has-alpha-channel-opacity\"\/>","protected":false},"excerpt":{"rendered":"<p>Art. 13 DSGVO (Datenschutz) 1. Allgemeine Hinweise Der Schutz deiner pers\u00f6nlichen Daten ist mir wichtig.Ich behandle deine personenbezogenen Daten vertraulich und entsprechend der gesetzlichen Datenschutzvorschriften sowie dieser Datenschutzerkl\u00e4rung. 2. Verantwortlicher&#8230;<\/p>","protected":false},"author":1,"featured_media":0,"parent":0,"menu_order":0,"comment_status":"closed","ping_status":"open","template":"","meta":{"give_campaign_id":0,"_EventAllDay":false,"_EventTimezone":"","_EventStartDate":"","_EventEndDate":"","_EventStartDateUTC":"","_EventEndDateUTC":"","_EventShowMap":false,"_EventShowMapLink":false,"_EventURL":"","_EventCost":"","_EventCostDescription":"","_EventCurrencySymbol":"","_EventCurrencyCode":"","_EventCurrencyPosition":"","_EventDateTimeSeparator":"","_EventTimeRangeSeparator":"","_EventOrganizerID":[],"_EventVenueID":[],"_OrganizerEmail":"","_OrganizerPhone":"","_OrganizerWebsite":"","_VenueAddress":"","_VenueCity":"","_VenueCountry":"","_VenueProvince":"","_VenueState":"","_VenueZip":"","_VenuePhone":"","_VenueURL":"","_VenueStateProvince":"","_VenueLat":"","_VenueLng":"","_VenueShowMap":false,"_VenueShowMapLink":false,"_kadence_starter_templates_imported_post":false,"_kad_post_transparent":"","_kad_post_title":"","_kad_post_layout":"","_kad_post_sidebar_id":"","_kad_post_content_style":"","_kad_post_vertical_padding":"","_kad_post_feature":"","_kad_post_feature_position":"","_kad_post_header":false,"_kad_post_footer":false,"_kad_post_classname":"","footnotes":""},"class_list":["post-3","page","type-page","status-publish","hentry"],"campaignId":"","_links":{"self":[{"href":"https:\/\/f-solution.eu\/en\/wp-json\/wp\/v2\/pages\/3","targetHints":{"allow":["GET"]}}],"collection":[{"href":"https:\/\/f-solution.eu\/en\/wp-json\/wp\/v2\/pages"}],"about":[{"href":"https:\/\/f-solution.eu\/en\/wp-json\/wp\/v2\/types\/page"}],"author":[{"embeddable":true,"href":"https:\/\/f-solution.eu\/en\/wp-json\/wp\/v2\/users\/1"}],"replies":[{"embeddable":true,"href":"https:\/\/f-solution.eu\/en\/wp-json\/wp\/v2\/comments?post=3"}],"version-history":[{"count":1,"href":"https:\/\/f-solution.eu\/en\/wp-json\/wp\/v2\/pages\/3\/revisions"}],"predecessor-version":[{"id":1259,"href":"https:\/\/f-solution.eu\/en\/wp-json\/wp\/v2\/pages\/3\/revisions\/1259"}],"wp:attachment":[{"href":"https:\/\/f-solution.eu\/en\/wp-json\/wp\/v2\/media?parent=3"}],"curies":[{"name":"wp","href":"https:\/\/api.w.org\/{rel}","templated":true}]}}