{"id":1260,"date":"2025-07-30T16:33:57","date_gmt":"2025-07-30T14:33:57","guid":{"rendered":"https:\/\/fritz-re.io\/?page_id=1260"},"modified":"2026-01-19T05:00:53","modified_gmt":"2026-01-19T04:00:53","slug":"impressum","status":"publish","type":"page","link":"https:\/\/f-solution.eu\/en\/impressum\/","title":{"rendered":"Impressum"},"content":{"rendered":"<p>Angaben gem\u00e4\u00df \u00a7 5 TMG<\/p>\n\n\n\n<p><strong>Reinhard Fritz<\/strong><br>Scharnweberstra\u00dfe 4<br>13405 Berlin<br>Deutschland<\/p>\n\n\n\n<p><strong>Kontakt:<\/strong><br>Telefon: +49 160 99853495<br>E-Mail: reio@f-solution.eu<\/p>\n\n\n\n<p><strong>Verantwortlich f\u00fcr den Inhalt nach \u00a7 55 Abs. 2 RStV:<\/strong><br>Reinhard Fritz<br>Scharnweberstra\u00dfe 4<br>13405 Berlin<\/p>\n\n\n\n<hr class=\"wp-block-separator has-alpha-channel-opacity\"\/>\n\n\n\n<h3 class=\"wp-block-heading\"><strong>T\u00e4tigkeitsbeschreibung:<\/strong><\/h3>\n\n\n\n<p>Ich biete Leistungen in zwei getrennten Bereichen an:<\/p>\n\n\n\n<p><strong>1. Gewerbliche T\u00e4tigkeit:<\/strong><br>IT-Dienstleistungen, insbesondere Beratung, Einrichtung und technische Unterst\u00fctzung in den Bereichen:<\/p>\n\n\n\n<ul class=\"wp-block-list\">\n<li>digitale Kommunikationssysteme (Matrix, Hosting, Datenschutz)<\/li>\n\n\n\n<li>Open-Source-Systeme (Linux, Fairphone \/e\/OS)<\/li>\n\n\n\n<li>technische Infrastruktur &amp; Cloudl\u00f6sungen<\/li>\n<\/ul>\n\n\n\n<p><strong>2. Freiberufliche T\u00e4tigkeit gem\u00e4\u00df \u00a7 18 EStG:<\/strong><br>Geowissenschaftliche Beratung und sozial\u00f6kologische Transformationsbegleitung<br>(basierend auf meinem Studium der Geographie und globalen Gesellschaftsanalyse), u.\u202fa. in den Bereichen:<\/p>\n\n\n\n<ul class=\"wp-block-list\">\n<li>nachhaltige Raumanalyse &amp; Umweltberatung<\/li>\n\n\n\n<li>Wasser- &amp; Energiemanagement (GIS, Monitoring)<\/li>\n\n\n\n<li>Geopolitsche Einfl\u00fcsse &#8211; &#8222;Global change&#8220;<\/li>\n\n\n\n<li>Entwicklung und internationaler Warenfluss<\/li>\n\n\n\n<li>Systemisches Denken &amp; und pers\u00f6nliche Transformationsprozesse<\/li>\n<\/ul>\n\n\n\n<hr class=\"wp-block-separator has-alpha-channel-opacity\"\/>\n\n\n\n<h3 class=\"wp-block-heading\"><strong>Haftung f\u00fcr Inhalte<\/strong><\/h3>\n\n\n\n<p>Als Diensteanbieter bin ich gem\u00e4\u00df \u00a7 7 Abs. 1 TMG f\u00fcr eigene Inhalte auf diesen Seiten nach den allgemeinen Gesetzen verantwortlich.<br>Nach \u00a7\u00a7 8 bis 10 TMG bin ich als Diensteanbieter jedoch nicht verpflichtet, \u00fcbermittelte oder gespeicherte fremde Informationen zu \u00fcberwachen oder nach Umst\u00e4nden zu forschen, die auf eine rechtswidrige T\u00e4tigkeit hinweisen.<\/p>\n\n\n\n<p>Verpflichtungen zur Entfernung oder Sperrung der Nutzung von Informationen nach den allgemeinen Gesetzen bleiben hiervon unber\u00fchrt. Eine diesbez\u00fcgliche Haftung ist jedoch erst ab dem Zeitpunkt der Kenntnis einer konkreten Rechtsverletzung m\u00f6glich.<\/p>\n\n\n\n<hr class=\"wp-block-separator has-alpha-channel-opacity\"\/>\n\n\n\n<h3 class=\"wp-block-heading\"><strong>Haftung f\u00fcr Links<\/strong><\/h3>\n\n\n\n<p>Mein Angebot enth\u00e4lt ggf. Links zu externen Webseiten Dritter, auf deren Inhalte ich keinen Einfluss habe.<br>Deshalb kann ich f\u00fcr diese fremden Inhalte auch keine Gew\u00e4hr \u00fcbernehmen.<br>F\u00fcr die Inhalte der verlinkten Seiten ist stets der jeweilige Anbieter oder Betreiber der Seiten verantwortlich.<\/p>\n\n\n\n<hr class=\"wp-block-separator has-alpha-channel-opacity\"\/>\n\n\n\n<h3 class=\"wp-block-heading\"><strong>Urheberrecht<\/strong><\/h3>\n\n\n\n<p>Die durch den Seitenbetreiber erstellten Inhalte und Werke auf diesen Seiten unterliegen dem deutschen Urheberrecht.<br>Die Vervielf\u00e4ltigung, Bearbeitung, Verbreitung und jede Art der Verwertung au\u00dferhalb der Grenzen des Urheberrechtes bed\u00fcrfen der schriftlichen Zustimmung des jeweiligen Autors bzw. Erstellers.<br>Downloads und Kopien dieser Seite sind nur f\u00fcr den privaten, nicht kommerziellen Gebrauch gestattet.<\/p>","protected":false},"excerpt":{"rendered":"<p>Angaben gem\u00e4\u00df \u00a7 5 TMG Reinhard FritzScharnweberstra\u00dfe 413405 BerlinDeutschland Kontakt:Telefon: +49 160 99853495E-Mail: reio@f-solution.eu Verantwortlich f\u00fcr den Inhalt nach \u00a7 55 Abs. 2 RStV:Reinhard FritzScharnweberstra\u00dfe 413405 Berlin T\u00e4tigkeitsbeschreibung: Ich biete&#8230;<\/p>","protected":false},"author":1,"featured_media":0,"parent":0,"menu_order":0,"comment_status":"closed","ping_status":"closed","template":"","meta":{"give_campaign_id":0,"_EventAllDay":false,"_EventTimezone":"","_EventStartDate":"","_EventEndDate":"","_EventStartDateUTC":"","_EventEndDateUTC":"","_EventShowMap":false,"_EventShowMapLink":false,"_EventURL":"","_EventCost":"","_EventCostDescription":"","_EventCurrencySymbol":"","_EventCurrencyCode":"","_EventCurrencyPosition":"","_EventDateTimeSeparator":"","_EventTimeRangeSeparator":"","_EventOrganizerID":[],"_EventVenueID":[],"_OrganizerEmail":"","_OrganizerPhone":"","_OrganizerWebsite":"","_VenueAddress":"","_VenueCity":"","_VenueCountry":"","_VenueProvince":"","_VenueState":"","_VenueZip":"","_VenuePhone":"","_VenueURL":"","_VenueStateProvince":"","_VenueLat":"","_VenueLng":"","_VenueShowMap":false,"_VenueShowMapLink":false,"_kadence_starter_templates_imported_post":false,"_kad_post_transparent":"","_kad_post_title":"","_kad_post_layout":"","_kad_post_sidebar_id":"","_kad_post_content_style":"","_kad_post_vertical_padding":"","_kad_post_feature":"","_kad_post_feature_position":"","_kad_post_header":false,"_kad_post_footer":false,"_kad_post_classname":"","footnotes":""},"class_list":["post-1260","page","type-page","status-publish","hentry"],"campaignId":"","_links":{"self":[{"href":"https:\/\/f-solution.eu\/en\/wp-json\/wp\/v2\/pages\/1260","targetHints":{"allow":["GET"]}}],"collection":[{"href":"https:\/\/f-solution.eu\/en\/wp-json\/wp\/v2\/pages"}],"about":[{"href":"https:\/\/f-solution.eu\/en\/wp-json\/wp\/v2\/types\/page"}],"author":[{"embeddable":true,"href":"https:\/\/f-solution.eu\/en\/wp-json\/wp\/v2\/users\/1"}],"replies":[{"embeddable":true,"href":"https:\/\/f-solution.eu\/en\/wp-json\/wp\/v2\/comments?post=1260"}],"version-history":[{"count":4,"href":"https:\/\/f-solution.eu\/en\/wp-json\/wp\/v2\/pages\/1260\/revisions"}],"predecessor-version":[{"id":1397,"href":"https:\/\/f-solution.eu\/en\/wp-json\/wp\/v2\/pages\/1260\/revisions\/1397"}],"wp:attachment":[{"href":"https:\/\/f-solution.eu\/en\/wp-json\/wp\/v2\/media?parent=1260"}],"curies":[{"name":"wp","href":"https:\/\/api.w.org\/{rel}","templated":true}]}}